{"id":98287,"date":"2021-04-15T19:20:00","date_gmt":"2021-04-15T19:20:00","guid":{"rendered":"https:\/\/actionnc.org\/?page_id=98287"},"modified":"2023-12-20T19:34:47","modified_gmt":"2023-12-20T19:34:47","slug":"donate","status":"publish","type":"page","link":"https:\/\/actionnc.org\/es\/donate\/","title":{"rendered":"Donate"},"content":{"rendered":"<h3>Please take a moment to support our work by making a donation today.<\/h3>\n<p>If so moved, we also have the option to help us sustain this work for the long haul by setting up a recurring donation. We appreciate donations in any amount and thank you for your support! All donations made on this page are tax-deductible.<\/p>\n<h4>Your donation helps to continue our work in the following Areas:<\/h4>\n\t<h5>Tenant Rights (TORC)<\/h5>\n<p>TORC is a tenant led project of Action NC that builds power to influence housing policies that will provide higher protections to renters in NC by organizing tenants associations, tenant led know your rights workshops, and leadership development to increase community involvement.<\/p>\n<h5>Safe Coalition NC<\/h5>\n<p>SAFE Coalition NC has been fighting to bring about municipal &amp; legislative change in the areas of police accountability &amp; Criminal Justice Reform. We use leadership development to empower community members impacted by the lack of accountability to serve on boards, develop policy positions, grassroots lobby elected officials, and not only build power but wield power.<\/p>\n<h5>Senior Warrior Action Network (SWAN)<\/h5>\n<p>SWAN is Action NC&#8217;s Senior Warrior Acton Network, a grassroots group of seniors working together to protect and promote healthcare access and retirement security for seniors against attacks on Medicare, Medicaid and Social Security&#8211;programs we need to expand rather than reduce. In. addition, SWAN members mobilize to protect voting rights, increase voter participation.<\/p>\n<h6>If you would like to donate via mail, please send your check to:<\/h6>\nAction Institute NC<br \/>\n1817 Central Ave<br \/>\nSuite 211<br \/>\nCharlotte, NC 28205\n\t<h5>Race, Gender and Equity (RAGE)<\/h5>\n<p>The RAGE initiative is creating and deepening alliances among Black and Brown women across the state to increase their political and personal power.<\/p>\n<h5>Grow the Vote<\/h5>\n<p>Our goal is to build grassroots political power by increasing the number of registered voters in minority and low-wealth communities and increasing the number of these voters who participate in the election process. These voters and communities matters, and they are more than just a pawn in the political game. They wield great power, and the more who vote, the greater that power can become.<\/p>\n<h5>L\u00edderes en Acci\u00f3n<\/h5>\n<p>L\u00edderes en Acci\u00f3n has been leading the fight for immigrant justice in North Carolina. L\u00edderes en Acci\u00f3n keeps winning because its grassroots leaders are the same families that are impacted by our broken immigration system. They empower themselves and their community, through leadership development, and by encouraging others to advocate for themselves, through lobbying and direct action.<\/p>\n<p>L\u00edderes en Acci\u00f3n ha estado liderando la lucha pro la justicia para inmigrantes en Carolina del Norte. L\u00edderes en Acci\u00f3n sigue ganando, porque sus l\u00edderes comunitarios son las mismas familias impactadas por nuestro sistema migratoria quebrado. Ellos se capacitan a si mismos y a su comunidad, por medio de desarrollo de liderazgo y motivan a otros a autoabogar, por medio de actividades de cabildeo y acci\u00f3n directa.<\/p>\n\t<link rel='preload' href='https:\/\/d3rse9xjbp8270.cloudfront.net\/at.js' as='script' crossorigin='anonymous'\/>\n <link rel='preload' href='https:\/\/d3rse9xjbp8270.cloudfront.net\/at.min.css' as='style'\/>","protected":false},"excerpt":{"rendered":"<p>Please take a moment to support our work by making a donation today. If so moved, we also have the option to help us sustain this work for the long&#8230;<\/p>","protected":false},"author":1,"featured_media":98609,"parent":0,"menu_order":0,"comment_status":"closed","ping_status":"closed","template":"","meta":{"_acf_changed":false,"_monsterinsights_skip_tracking":false,"_monsterinsights_sitenote_active":false,"_monsterinsights_sitenote_note":"","_monsterinsights_sitenote_category":0,"footnotes":""},"acf":[],"aioseo_notices":[],"_links":{"self":[{"href":"https:\/\/actionnc.org\/es\/wp-json\/wp\/v2\/pages\/98287"}],"collection":[{"href":"https:\/\/actionnc.org\/es\/wp-json\/wp\/v2\/pages"}],"about":[{"href":"https:\/\/actionnc.org\/es\/wp-json\/wp\/v2\/types\/page"}],"author":[{"embeddable":true,"href":"https:\/\/actionnc.org\/es\/wp-json\/wp\/v2\/users\/1"}],"replies":[{"embeddable":true,"href":"https:\/\/actionnc.org\/es\/wp-json\/wp\/v2\/comments?post=98287"}],"version-history":[{"count":9,"href":"https:\/\/actionnc.org\/es\/wp-json\/wp\/v2\/pages\/98287\/revisions"}],"predecessor-version":[{"id":99190,"href":"https:\/\/actionnc.org\/es\/wp-json\/wp\/v2\/pages\/98287\/revisions\/99190"}],"wp:featuredmedia":[{"embeddable":true,"href":"https:\/\/actionnc.org\/es\/wp-json\/wp\/v2\/media\/98609"}],"wp:attachment":[{"href":"https:\/\/actionnc.org\/es\/wp-json\/wp\/v2\/media?parent=98287"}],"curies":[{"name":"wp","href":"https:\/\/api.w.org\/{rel}","templated":true}]}}